{"id":1277,"date":"2023-01-22T08:25:48","date_gmt":"2023-01-22T08:25:48","guid":{"rendered":"https:\/\/www.vantoptotteenbergenopzoom.nl\/?page_id=1277"},"modified":"2023-02-02T14:59:05","modified_gmt":"2023-02-02T14:59:05","slug":"acnetherapie","status":"publish","type":"page","link":"https:\/\/www.vantoptotteenbergenopzoom.nl\/?page_id=1277","title":{"rendered":"Acn\u00e9therapie"},"content":{"rendered":"\t\t<div data-elementor-type=\"wp-page\" data-elementor-id=\"1277\" class=\"elementor elementor-1277\" data-elementor-post-type=\"page\">\n\t\t\t\t\t\t<section class=\"elementor-section elementor-top-section elementor-element elementor-element-eca2973 elementor-section-content-middle elementor-section-height-min-height elementor-section-boxed elementor-section-height-default elementor-section-items-middle\" data-id=\"eca2973\" data-element_type=\"section\" data-e-type=\"section\">\n\t\t\t\t\t\t<div class=\"elementor-container elementor-column-gap-default\">\n\t\t\t\t\t<div class=\"elementor-column elementor-col-50 elementor-top-column elementor-element elementor-element-7fc2a64\" data-id=\"7fc2a64\" data-element_type=\"column\" data-e-type=\"column\">\n\t\t\t<div class=\"elementor-widget-wrap elementor-element-populated\">\n\t\t\t\t\t\t<div class=\"elementor-element elementor-element-61c361e elementor-widget elementor-widget-heading\" data-id=\"61c361e\" data-element_type=\"widget\" data-e-type=\"widget\" data-widget_type=\"heading.default\">\n\t\t\t\t<div class=\"elementor-widget-container\">\n\t\t\t\t\t<h3 class=\"elementor-heading-title elementor-size-default\">Acn\u00e9therapie<\/h3>\t\t\t\t<\/div>\n\t\t\t\t<\/div>\n\t\t\t\t<div class=\"elementor-element elementor-element-70f06ad elementor-widget elementor-widget-image\" data-id=\"70f06ad\" data-element_type=\"widget\" data-e-type=\"widget\" data-widget_type=\"image.default\">\n\t\t\t\t<div class=\"elementor-widget-container\">\n\t\t\t\t\t\t\t\t\t\t\t\t\t\t\t<img decoding=\"async\" width=\"300\" height=\"3\" src=\"https:\/\/www.vantoptotteenbergenopzoom.nl\/wp-content\/uploads\/2021\/06\/Divider-line-2-300x3.png\" class=\"attachment-medium size-medium wp-image-459\" alt=\"\" srcset=\"https:\/\/www.vantoptotteenbergenopzoom.nl\/wp-content\/uploads\/2021\/06\/Divider-line-2-300x3.png 300w, https:\/\/www.vantoptotteenbergenopzoom.nl\/wp-content\/uploads\/2021\/06\/Divider-line-2-768x8.png 768w, https:\/\/www.vantoptotteenbergenopzoom.nl\/wp-content\/uploads\/2021\/06\/Divider-line-2-600x6.png 600w, https:\/\/www.vantoptotteenbergenopzoom.nl\/wp-content\/uploads\/2021\/06\/Divider-line-2.png 851w\" sizes=\"(max-width: 300px) 100vw, 300px\" \/>\t\t\t\t\t\t\t\t\t\t\t\t\t\t\t<\/div>\n\t\t\t\t<\/div>\n\t\t\t\t<div class=\"elementor-element elementor-element-6ad55af elementor-widget elementor-widget-text-editor\" data-id=\"6ad55af\" data-element_type=\"widget\" data-e-type=\"widget\" data-widget_type=\"text-editor.default\">\n\t\t\t\t<div class=\"elementor-widget-container\">\n\t\t\t\t\t\t\t\t\t<p>Er zijn meerdere factoren die een rol spelen bij het ontstaan van acn\u00e9.<\/p><p>Acn\u00e9 veroorzaakt o.a. ontstekingen en littekens. Die wil je niet!<\/p><p>De behandeling bestaat uit een intakegesprek, huidanalyse en resultaatgerichte thuisverzorginsproducten in combinatie met resurfacing behandelingen in de salon.<\/p><p>Het doel is acne verminderen en zelfs voorkomen naast het cre\u00ebren van een mooie egale gladde huid. Als laatste traject kunnen we de treatments aanpassen zoals laser en microneedling om jouw huid nog mooier te krijgen. Jij gaat stralen!<\/p><p>Wil je meer te weten komen over het gehele traject? Lees er meer over via onderstaande button en bekijk ook eens de resultaten.<\/p>\t\t\t\t\t\t\t\t<\/div>\n\t\t\t\t<\/div>\n\t\t\t\t<div class=\"elementor-element elementor-element-f47ee5d elementor-align-left elementor-mobile-align-center elementor-widget elementor-widget-button\" data-id=\"f47ee5d\" data-element_type=\"widget\" data-e-type=\"widget\" data-widget_type=\"button.default\">\n\t\t\t\t<div class=\"elementor-widget-container\">\n\t\t\t\t\t\t\t\t\t<div class=\"elementor-button-wrapper\">\n\t\t\t\t\t<a class=\"elementor-button elementor-button-link elementor-size-md\" href=\"https:\/\/anjaaugustijn.nl\/acnetherapie\/\" target=\"_blank\">\n\t\t\t\t\t\t<span class=\"elementor-button-content-wrapper\">\n\t\t\t\t\t\t<span class=\"elementor-button-icon\">\n\t\t\t\t<i aria-hidden=\"true\" class=\"fas fa-angle-double-right\"><\/i>\t\t\t<\/span>\n\t\t\t\t\t\t\t\t\t<span class=\"elementor-button-text\">Lees meer informatie<\/span>\n\t\t\t\t\t<\/span>\n\t\t\t\t\t<\/a>\n\t\t\t\t<\/div>\n\t\t\t\t\t\t\t\t<\/div>\n\t\t\t\t<\/div>\n\t\t\t\t\t<\/div>\n\t\t<\/div>\n\t\t\t\t<div class=\"elementor-column elementor-col-50 elementor-top-column elementor-element elementor-element-4b0e7da\" data-id=\"4b0e7da\" data-element_type=\"column\" data-e-type=\"column\" data-settings=\"{&quot;background_background&quot;:&quot;classic&quot;}\">\n\t\t\t<div class=\"elementor-widget-wrap elementor-element-populated\">\n\t\t\t\t\t\t<div class=\"elementor-element elementor-element-abc36a2 elementor-widget elementor-widget-image\" data-id=\"abc36a2\" data-element_type=\"widget\" data-e-type=\"widget\" data-widget_type=\"image.default\">\n\t\t\t\t<div class=\"elementor-widget-container\">\n\t\t\t\t\t\t\t\t\t\t\t\t\t\t\t<img fetchpriority=\"high\" decoding=\"async\" width=\"1024\" height=\"1024\" src=\"https:\/\/www.vantoptotteenbergenopzoom.nl\/wp-content\/uploads\/2023\/01\/acnevttt-vergoedingen-ms-1024x1024.jpg\" class=\"attachment-large size-large wp-image-1538\" alt=\"\" srcset=\"https:\/\/www.vantoptotteenbergenopzoom.nl\/wp-content\/uploads\/2023\/01\/acnevttt-vergoedingen-ms-1024x1024.jpg 1024w, https:\/\/www.vantoptotteenbergenopzoom.nl\/wp-content\/uploads\/2023\/01\/acnevttt-vergoedingen-ms-300x300.jpg 300w, https:\/\/www.vantoptotteenbergenopzoom.nl\/wp-content\/uploads\/2023\/01\/acnevttt-vergoedingen-ms-150x150.jpg 150w, https:\/\/www.vantoptotteenbergenopzoom.nl\/wp-content\/uploads\/2023\/01\/acnevttt-vergoedingen-ms-768x768.jpg 768w, https:\/\/www.vantoptotteenbergenopzoom.nl\/wp-content\/uploads\/2023\/01\/acnevttt-vergoedingen-ms-1536x1536.jpg 1536w, https:\/\/www.vantoptotteenbergenopzoom.nl\/wp-content\/uploads\/2023\/01\/acnevttt-vergoedingen-ms.jpg 1600w\" sizes=\"(max-width: 1024px) 100vw, 1024px\" \/>\t\t\t\t\t\t\t\t\t\t\t\t\t\t\t<\/div>\n\t\t\t\t<\/div>\n\t\t\t\t\t<\/div>\n\t\t<\/div>\n\t\t\t\t\t<\/div>\n\t\t<\/section>\n\t\t\t\t<\/div>\n\t\t","protected":false},"excerpt":{"rendered":"<p>Acn\u00e9therapie Er zijn meerdere factoren die een rol spelen bij het ontstaan van acn\u00e9. Acn\u00e9 veroorzaakt o.a. ontstekingen en littekens. Die wil je niet! De behandeling bestaat uit een intakegesprek, huidanalyse en resultaatgerichte thuisverzorginsproducten in combinatie met resurfacing behandelingen in de salon. Het doel is acne verminderen en zelfs voorkomen naast het cre\u00ebren van een &hellip;<\/p>\n<p class=\"read-more\"> <a class=\"\" href=\"https:\/\/www.vantoptotteenbergenopzoom.nl\/?page_id=1277\"> <span class=\"screen-reader-text\">Acn\u00e9therapie<\/span> Lees verder &raquo;<\/a><\/p>\n","protected":false},"author":7,"featured_media":0,"parent":0,"menu_order":0,"comment_status":"closed","ping_status":"closed","template":"","meta":{"site-sidebar-layout":"no-sidebar","site-content-layout":"page-builder","ast-main-header-display":"","ast-hfb-above-header-display":"","ast-hfb-below-header-display":"","ast-hfb-mobile-header-display":"","site-post-title":"disabled","ast-breadcrumbs-content":"","ast-featured-img":"disabled","footer-sml-layout":"","theme-transparent-header-meta":"","adv-header-id-meta":"","stick-header-meta":"","header-above-stick-meta":"","header-main-stick-meta":"","header-below-stick-meta":"","footnotes":""},"class_list":["post-1277","page","type-page","status-publish","hentry"],"yoast_head":"<!-- This site is optimized with the Yoast SEO plugin v27.2 - https:\/\/yoast.com\/product\/yoast-seo-wordpress\/ -->\n<title>Acn\u00e9therapie - Van top tot teen<\/title>\n<meta name=\"robots\" content=\"index, follow, max-snippet:-1, max-image-preview:large, max-video-preview:-1\" \/>\n<link rel=\"canonical\" href=\"https:\/\/www.vantoptotteenbergenopzoom.nl\/?page_id=1277\" \/>\n<meta property=\"og:locale\" content=\"nl_NL\" \/>\n<meta property=\"og:type\" content=\"article\" \/>\n<meta property=\"og:title\" content=\"Acn\u00e9therapie - Van top tot teen\" \/>\n<meta property=\"og:description\" content=\"Acn\u00e9therapie Er zijn meerdere factoren die een rol spelen bij het ontstaan van acn\u00e9. Acn\u00e9 veroorzaakt o.a. ontstekingen en littekens. Die wil je niet! De behandeling bestaat uit een intakegesprek, huidanalyse en resultaatgerichte thuisverzorginsproducten in combinatie met resurfacing behandelingen in de salon. Het doel is acne verminderen en zelfs voorkomen naast het cre\u00ebren van een &hellip; Acn\u00e9therapie Lees verder &raquo;\" \/>\n<meta property=\"og:url\" content=\"https:\/\/www.vantoptotteenbergenopzoom.nl\/?page_id=1277\" \/>\n<meta property=\"og:site_name\" content=\"Van top tot teen\" \/>\n<meta property=\"article:modified_time\" content=\"2023-02-02T14:59:05+00:00\" \/>\n<meta property=\"og:image\" content=\"https:\/\/www.vantoptotteenbergenopzoom.nl\/wp-content\/uploads\/2021\/06\/Divider-line-2.png\" \/>\n\t<meta property=\"og:image:width\" content=\"851\" \/>\n\t<meta property=\"og:image:height\" content=\"9\" \/>\n\t<meta property=\"og:image:type\" content=\"image\/png\" \/>\n<meta name=\"twitter:card\" content=\"summary_large_image\" \/>\n<meta name=\"twitter:label1\" content=\"Geschatte leestijd\" \/>\n\t<meta name=\"twitter:data1\" content=\"1 minuut\" \/>\n<script type=\"application\/ld+json\" class=\"yoast-schema-graph\">{\"@context\":\"https:\/\/schema.org\",\"@graph\":[{\"@type\":\"WebPage\",\"@id\":\"https:\/\/www.vantoptotteenbergenopzoom.nl\/?page_id=1277\",\"url\":\"https:\/\/www.vantoptotteenbergenopzoom.nl\/?page_id=1277\",\"name\":\"Acn\u00e9therapie - Van top tot teen\",\"isPartOf\":{\"@id\":\"https:\/\/www.vantoptotteenbergenopzoom.nl\/#website\"},\"primaryImageOfPage\":{\"@id\":\"https:\/\/www.vantoptotteenbergenopzoom.nl\/?page_id=1277#primaryimage\"},\"image\":{\"@id\":\"https:\/\/www.vantoptotteenbergenopzoom.nl\/?page_id=1277#primaryimage\"},\"thumbnailUrl\":\"https:\/\/www.vantoptotteenbergenopzoom.nl\/wp-content\/uploads\/2021\/06\/Divider-line-2-300x3.png\",\"datePublished\":\"2023-01-22T08:25:48+00:00\",\"dateModified\":\"2023-02-02T14:59:05+00:00\",\"breadcrumb\":{\"@id\":\"https:\/\/www.vantoptotteenbergenopzoom.nl\/?page_id=1277#breadcrumb\"},\"inLanguage\":\"nl-NL\",\"potentialAction\":[{\"@type\":\"ReadAction\",\"target\":[\"https:\/\/www.vantoptotteenbergenopzoom.nl\/?page_id=1277\"]}]},{\"@type\":\"ImageObject\",\"inLanguage\":\"nl-NL\",\"@id\":\"https:\/\/www.vantoptotteenbergenopzoom.nl\/?page_id=1277#primaryimage\",\"url\":\"https:\/\/www.vantoptotteenbergenopzoom.nl\/wp-content\/uploads\/2021\/06\/Divider-line-2.png\",\"contentUrl\":\"https:\/\/www.vantoptotteenbergenopzoom.nl\/wp-content\/uploads\/2021\/06\/Divider-line-2.png\",\"width\":851,\"height\":9},{\"@type\":\"BreadcrumbList\",\"@id\":\"https:\/\/www.vantoptotteenbergenopzoom.nl\/?page_id=1277#breadcrumb\",\"itemListElement\":[{\"@type\":\"ListItem\",\"position\":1,\"name\":\"Home\",\"item\":\"https:\/\/www.vantoptotteenbergenopzoom.nl\/\"},{\"@type\":\"ListItem\",\"position\":2,\"name\":\"Acn\u00e9therapie\"}]},{\"@type\":\"WebSite\",\"@id\":\"https:\/\/www.vantoptotteenbergenopzoom.nl\/#website\",\"url\":\"https:\/\/www.vantoptotteenbergenopzoom.nl\/\",\"name\":\"Van top tot teen\",\"description\":\"Bergen op Zoom\",\"publisher\":{\"@id\":\"https:\/\/www.vantoptotteenbergenopzoom.nl\/#organization\"},\"potentialAction\":[{\"@type\":\"SearchAction\",\"target\":{\"@type\":\"EntryPoint\",\"urlTemplate\":\"https:\/\/www.vantoptotteenbergenopzoom.nl\/?s={search_term_string}\"},\"query-input\":{\"@type\":\"PropertyValueSpecification\",\"valueRequired\":true,\"valueName\":\"search_term_string\"}}],\"inLanguage\":\"nl-NL\"},{\"@type\":\"Organization\",\"@id\":\"https:\/\/www.vantoptotteenbergenopzoom.nl\/#organization\",\"name\":\"Van top tot teen\",\"url\":\"https:\/\/www.vantoptotteenbergenopzoom.nl\/\",\"logo\":{\"@type\":\"ImageObject\",\"inLanguage\":\"nl-NL\",\"@id\":\"https:\/\/www.vantoptotteenbergenopzoom.nl\/#\/schema\/logo\/image\/\",\"url\":\"https:\/\/www.vantoptotteenbergenopzoom.nl\/wp-content\/uploads\/2021\/06\/VTTT-Logo-Grijs-website.png\",\"contentUrl\":\"https:\/\/www.vantoptotteenbergenopzoom.nl\/wp-content\/uploads\/2021\/06\/VTTT-Logo-Grijs-website.png\",\"width\":510,\"height\":270,\"caption\":\"Van top tot teen\"},\"image\":{\"@id\":\"https:\/\/www.vantoptotteenbergenopzoom.nl\/#\/schema\/logo\/image\/\"}}]}<\/script>\n<!-- \/ Yoast SEO plugin. -->","yoast_head_json":{"title":"Acn\u00e9therapie - Van top tot teen","robots":{"index":"index","follow":"follow","max-snippet":"max-snippet:-1","max-image-preview":"max-image-preview:large","max-video-preview":"max-video-preview:-1"},"canonical":"https:\/\/www.vantoptotteenbergenopzoom.nl\/?page_id=1277","og_locale":"nl_NL","og_type":"article","og_title":"Acn\u00e9therapie - Van top tot teen","og_description":"Acn\u00e9therapie Er zijn meerdere factoren die een rol spelen bij het ontstaan van acn\u00e9. Acn\u00e9 veroorzaakt o.a. ontstekingen en littekens. Die wil je niet! De behandeling bestaat uit een intakegesprek, huidanalyse en resultaatgerichte thuisverzorginsproducten in combinatie met resurfacing behandelingen in de salon. Het doel is acne verminderen en zelfs voorkomen naast het cre\u00ebren van een &hellip; Acn\u00e9therapie Lees verder &raquo;","og_url":"https:\/\/www.vantoptotteenbergenopzoom.nl\/?page_id=1277","og_site_name":"Van top tot teen","article_modified_time":"2023-02-02T14:59:05+00:00","og_image":[{"width":851,"height":9,"url":"https:\/\/www.vantoptotteenbergenopzoom.nl\/wp-content\/uploads\/2021\/06\/Divider-line-2.png","type":"image\/png"}],"twitter_card":"summary_large_image","twitter_misc":{"Geschatte leestijd":"1 minuut"},"schema":{"@context":"https:\/\/schema.org","@graph":[{"@type":"WebPage","@id":"https:\/\/www.vantoptotteenbergenopzoom.nl\/?page_id=1277","url":"https:\/\/www.vantoptotteenbergenopzoom.nl\/?page_id=1277","name":"Acn\u00e9therapie - Van top tot teen","isPartOf":{"@id":"https:\/\/www.vantoptotteenbergenopzoom.nl\/#website"},"primaryImageOfPage":{"@id":"https:\/\/www.vantoptotteenbergenopzoom.nl\/?page_id=1277#primaryimage"},"image":{"@id":"https:\/\/www.vantoptotteenbergenopzoom.nl\/?page_id=1277#primaryimage"},"thumbnailUrl":"https:\/\/www.vantoptotteenbergenopzoom.nl\/wp-content\/uploads\/2021\/06\/Divider-line-2-300x3.png","datePublished":"2023-01-22T08:25:48+00:00","dateModified":"2023-02-02T14:59:05+00:00","breadcrumb":{"@id":"https:\/\/www.vantoptotteenbergenopzoom.nl\/?page_id=1277#breadcrumb"},"inLanguage":"nl-NL","potentialAction":[{"@type":"ReadAction","target":["https:\/\/www.vantoptotteenbergenopzoom.nl\/?page_id=1277"]}]},{"@type":"ImageObject","inLanguage":"nl-NL","@id":"https:\/\/www.vantoptotteenbergenopzoom.nl\/?page_id=1277#primaryimage","url":"https:\/\/www.vantoptotteenbergenopzoom.nl\/wp-content\/uploads\/2021\/06\/Divider-line-2.png","contentUrl":"https:\/\/www.vantoptotteenbergenopzoom.nl\/wp-content\/uploads\/2021\/06\/Divider-line-2.png","width":851,"height":9},{"@type":"BreadcrumbList","@id":"https:\/\/www.vantoptotteenbergenopzoom.nl\/?page_id=1277#breadcrumb","itemListElement":[{"@type":"ListItem","position":1,"name":"Home","item":"https:\/\/www.vantoptotteenbergenopzoom.nl\/"},{"@type":"ListItem","position":2,"name":"Acn\u00e9therapie"}]},{"@type":"WebSite","@id":"https:\/\/www.vantoptotteenbergenopzoom.nl\/#website","url":"https:\/\/www.vantoptotteenbergenopzoom.nl\/","name":"Van top tot teen","description":"Bergen op Zoom","publisher":{"@id":"https:\/\/www.vantoptotteenbergenopzoom.nl\/#organization"},"potentialAction":[{"@type":"SearchAction","target":{"@type":"EntryPoint","urlTemplate":"https:\/\/www.vantoptotteenbergenopzoom.nl\/?s={search_term_string}"},"query-input":{"@type":"PropertyValueSpecification","valueRequired":true,"valueName":"search_term_string"}}],"inLanguage":"nl-NL"},{"@type":"Organization","@id":"https:\/\/www.vantoptotteenbergenopzoom.nl\/#organization","name":"Van top tot teen","url":"https:\/\/www.vantoptotteenbergenopzoom.nl\/","logo":{"@type":"ImageObject","inLanguage":"nl-NL","@id":"https:\/\/www.vantoptotteenbergenopzoom.nl\/#\/schema\/logo\/image\/","url":"https:\/\/www.vantoptotteenbergenopzoom.nl\/wp-content\/uploads\/2021\/06\/VTTT-Logo-Grijs-website.png","contentUrl":"https:\/\/www.vantoptotteenbergenopzoom.nl\/wp-content\/uploads\/2021\/06\/VTTT-Logo-Grijs-website.png","width":510,"height":270,"caption":"Van top tot teen"},"image":{"@id":"https:\/\/www.vantoptotteenbergenopzoom.nl\/#\/schema\/logo\/image\/"}}]}},"_links":{"self":[{"href":"https:\/\/www.vantoptotteenbergenopzoom.nl\/index.php?rest_route=\/wp\/v2\/pages\/1277","targetHints":{"allow":["GET"]}}],"collection":[{"href":"https:\/\/www.vantoptotteenbergenopzoom.nl\/index.php?rest_route=\/wp\/v2\/pages"}],"about":[{"href":"https:\/\/www.vantoptotteenbergenopzoom.nl\/index.php?rest_route=\/wp\/v2\/types\/page"}],"author":[{"embeddable":true,"href":"https:\/\/www.vantoptotteenbergenopzoom.nl\/index.php?rest_route=\/wp\/v2\/users\/7"}],"replies":[{"embeddable":true,"href":"https:\/\/www.vantoptotteenbergenopzoom.nl\/index.php?rest_route=%2Fwp%2Fv2%2Fcomments&post=1277"}],"version-history":[{"count":10,"href":"https:\/\/www.vantoptotteenbergenopzoom.nl\/index.php?rest_route=\/wp\/v2\/pages\/1277\/revisions"}],"predecessor-version":[{"id":1694,"href":"https:\/\/www.vantoptotteenbergenopzoom.nl\/index.php?rest_route=\/wp\/v2\/pages\/1277\/revisions\/1694"}],"wp:attachment":[{"href":"https:\/\/www.vantoptotteenbergenopzoom.nl\/index.php?rest_route=%2Fwp%2Fv2%2Fmedia&parent=1277"}],"curies":[{"name":"wp","href":"https:\/\/api.w.org\/{rel}","templated":true}]}}